{"id":2,"date":"2016-05-10T03:48:21","date_gmt":"2016-05-10T03:48:21","guid":{"rendered":"http:\/\/hefaflo.de\/?page_id=2"},"modified":"2025-12-26T17:42:30","modified_gmt":"2025-12-26T17:42:30","slug":"sample-page","status":"publish","type":"page","link":"https:\/\/hefaflo.de\/","title":{"rendered":"Informationen"},"content":{"rendered":"\n<p class=\"has-vivid-red-color has-text-color has-medium-font-size\">Die neusten Informationen finden Sie oben unter Aktuelles!<br><strong>!!! Anmeldeverfahren (siehe unten) beachten !!!<\/strong><\/p>\n\n\n\n<figure class=\"wp-block-image size-medium\"><img  title=\"\" fetchpriority=\"high\" decoding=\"async\" width=\"300\" height=\"263\" src=\"https:\/\/hefaflo.de\/wp-content\/uploads\/2019\/06\/Logo-300x263.jpg\"  alt=\"Logo-300x263 Informationen\"  class=\"wp-image-5\" srcset=\"https:\/\/hefaflo.de\/wp-content\/uploads\/2019\/06\/Logo-300x263.jpg 300w, https:\/\/hefaflo.de\/wp-content\/uploads\/2019\/06\/Logo-768x674.jpg 768w, https:\/\/hefaflo.de\/wp-content\/uploads\/2019\/06\/Logo-1024x899.jpg 1024w\" sizes=\"(max-width: 300px) 100vw, 300px\" \/><\/figure>\n\n\n\n<p class=\"has-medium-font-size\"><span style=\"text-decoration: underline;\"><strong>N\u00e4chste Termine:<\/strong><\/span><\/p>\n\n\n\n<p class=\"has-large-font-size\"><\/p>\n\n\n\n<p class=\"has-large-font-size\"><strong>15. M\u00e4rz 2026<\/strong><br>(ausgebucht, Warteliste aktuell >5 Interssenten)<\/p>\n\n\n\n<p class=\"has-large-font-size\"><strong>04. Okt. 2026<\/strong><br>(Anmeldung ab 15.03.26, 10 Uhr)<\/p>\n\n\n\n<p class=\"has-large-font-size\"><strong>14. M\u00e4rz 2027<\/strong><br>(Anmeldung ab 04.10.26, 10 Uhr)<\/p>\n\n\n\n<p class=\"has-large-font-size\"><strong>03. Okt. 2027<\/strong><br>(Anmeldung ab 14.03.27, 10 Uhr)<\/p>\n\n\n\n<p class=\"has-medium-font-size\"><span style=\"text-decoration: underline;\"><strong>Anmeldung zur Teilnahme mit einem Verkaufsstand:<\/strong><\/span><\/p>\n\n\n\n<ul class=\"wp-block-list\">\n<li>Anmeldung f\u00fcr den n\u00e4chsten Flohmarkt jeweils erst ab dem o. g. Zeitpunkt m\u00f6glich<\/li>\n\n\n\n<li>Anmeldung nur per Mail an <a href=\"mailto:anmeldung@hefaflo.de\">anmeldung@hefaflo.de<\/a><\/li>\n\n\n\n<li>Bitte vollst\u00e4ndige Daten angeben: Name, Vorname, Mailadresse, Meter Tisch, Anzahl zus\u00e4tzlicher Kleiderst\u00e4nder und Sonderw\u00fcnsche<\/li>\n\n\n\n<li>Die Anmeldungen werden nach Eingang der E-Mail ber\u00fccksichtigt &#8211; wenn alle Pl\u00e4tze vergeben sind, dann wird die Anfrage auf die Warteliste gesetzt<\/li>\n\n\n\n<li>Anmeldungen, die vor dem o. g. Termin eingehen, werden ignoriert<\/li>\n\n\n\n<li>Aufgrund der gro\u00dfen Nachfrage m\u00f6chten wir mit diesem Anmeldeverfahren allen die gleiche M\u00f6glichkeit zur Teilnahme geben<\/li>\n\n\n\n<li>Die Anmeldebest\u00e4tigung erfolgt etwa ab 3 Monaten vor der jeweiligen Veranstaltung<\/li>\n\n\n\n<li><strong>!!!!!!! NEU !!!!!!! Bitte beachten !!!!!!!<\/strong><\/li>\n\n\n\n<li><strong>Aufgrund mehrerer kurzfristiger Absagen bei den letzten Veranstaltungen m\u00fcssen wir leider das Verfahren zur Reservierung anpassen. Damit wir die Reservierung fest einplanen k\u00f6nnen muss die Standgeb\u00fchr im Voraus bis sp\u00e4testens ca. 3 Wochen (Termin in der Best\u00e4tigungsmail) bei uns eingegangen sein. Wir bitten daher um p\u00fcnktliche \u00dcberweisung des Standgeldes auf das mitgeteilte Bankkonto<\/strong>. <strong>Sie erhalten eine kurze Best\u00e4tigung \u00fcber den Zahlungseingang und damit die endg\u00fcltige Reserveirung. Bei einer Absage der Teilnahme Ihrerseits erfolgt nur eine Erstattung der Geb\u00fchr, wenn wir \u00fcber die Warteliste einen Ersatz bekommen, der den Stand in gleicher Gr\u00f6\u00dfe \u00fcbernimmt. Im Interesse unserer Kunden werden wir uns nat\u00fcrlich bem\u00fchen, diesen Ersatz zu organisieren. Sollte die Zahlung nicht rechtzeitig eingegangen sein, gehen wir von Ihrer Absage aus und werden den Stand anderweitig vergeben. Wir bitten um Verst\u00e4ndnis f\u00fcr diese Buchungsbedingungen, da wir keine leeren St\u00e4nde in der Halle wollen und auch unsere Kosten finanzieren m\u00fcssen.<\/strong><\/li>\n\n\n\n<li><strong>!!!!!!! NEU !!!!!!! Bitte beachten !!!!!!!<\/strong><\/li>\n<\/ul>\n\n\n\n<p class=\"has-medium-font-size\"><strong><span style=\"text-decoration: underline;\">Informationen f\u00fcr Besucher:innen:<\/span><\/strong><\/p>\n\n\n\n<ul class=\"wp-block-list\">\n<li>Verkaufsbeginn 10 Uhr<\/li>\n\n\n\n<li>Verkaufsende 16 Uhr<\/li>\n\n\n\n<li>Eintritt ist frei<\/li>\n\n\n\n<li>Kostenfreie Parkpl\u00e4tze hinter der Halle<\/li>\n\n\n\n<li>Flohmarkt f\u00fcr die ganze Familie in der Halle<\/li>\n\n\n\n<li>Hygieneregeln: Aktuell keine besonderen<\/li>\n\n\n\n<li>Bistro mit Fr\u00fchst\u00fcck, Kaffee, Currywurst, Pommes, frischen Waffeln. Alles auch zum Mitnehmen.<\/li>\n\n\n\n<li>Anschrift: Rheinstra\u00dfe 201, 53332 Bornheim-Hersel<\/li>\n<\/ul>\n\n\n\n<figure class=\"wp-block-image size-large\"><img  title=\"\" decoding=\"async\" width=\"1024\" height=\"576\" src=\"https:\/\/hefaflo.de\/wp-content\/uploads\/2022\/10\/Lageplan-Halle_1-1024x576.jpg\"  alt=\"Lageplan-Halle_1-1024x576 Informationen\"  class=\"wp-image-104\" srcset=\"https:\/\/hefaflo.de\/wp-content\/uploads\/2022\/10\/Lageplan-Halle_1-1024x576.jpg 1024w, https:\/\/hefaflo.de\/wp-content\/uploads\/2022\/10\/Lageplan-Halle_1-300x169.jpg 300w, https:\/\/hefaflo.de\/wp-content\/uploads\/2022\/10\/Lageplan-Halle_1-768x432.jpg 768w, https:\/\/hefaflo.de\/wp-content\/uploads\/2022\/10\/Lageplan-Halle_1-1536x864.jpg 1536w, https:\/\/hefaflo.de\/wp-content\/uploads\/2022\/10\/Lageplan-Halle_1-1320x743.jpg 1320w, https:\/\/hefaflo.de\/wp-content\/uploads\/2022\/10\/Lageplan-Halle_1.jpg 2000w\" sizes=\"(max-width: 1024px) 100vw, 1024px\" \/><\/figure>\n\n\n\n<p class=\"has-medium-font-size\"><strong><span style=\"text-decoration: underline;\">Informationen f\u00fcr Verk\u00e4ufer:innen:<\/span><\/strong><\/p>\n\n\n\n<ul class=\"wp-block-list\">\n<li>Aufbau ab 8 Uhr<\/li>\n\n\n\n<li>Abbau bis 18 Uhr<\/li>\n\n\n\n<li><strong>Tische und St\u00fchle werden gestellt<\/strong> (die Tische sind pro Meter 1,2 m tief)<\/li>\n\n\n\n<li>Standgeb\u00fchr in H\u00f6he von 12,- \u20ac\/Meter, Mindestgr\u00f6\u00dfe 2m<\/li>\n\n\n\n<li><strong>Kleiderst\u00e4nder (maximal 1m lang\/breit) k\u00f6nnen und m\u00fcssen selbst mitgebracht werden und sind vorher anzumelden<\/strong><\/li>\n\n\n\n<li><strong>F\u00fcr einen Kleiderst\u00e4nder wird 1 Meter zus\u00e4tzlich berechnet<\/strong><\/li>\n\n\n\n<li>Der jeweilige Standplatz wird vom Veranstalter vergeben und zugewiesen<\/li>\n\n\n\n<li>Die Standpl\u00e4tze k\u00f6nnen nicht mit PKW angefahren werden (separater PKW-Parkplatz)<\/li>\n\n\n\n<li>Anmeldung\/Reservierung erfolgt durch eine E-Mail an: <a href=\"mailto:anmeldung@hefaflo.de\">anmeldung@hefaflo.de<\/a> (siehe oben)<\/li>\n\n\n\n<li>Bitte vollst\u00e4ndige Kontaktdaten und den Reservierungswunsch (Tischl\u00e4nge, Kleiderst\u00e4nder&#8230;) angeben<\/li>\n\n\n\n<li>Sie erhalten dann eine Mail mit allen weiteren Angaben (u.a. Zahlungshinweis f\u00fcr Standgeb\u00fchr)<\/li>\n\n\n\n<li>Auch f\u00fcr Fragen k\u00f6nnen Sie uns unter dieser Adresse kontaktieren<\/li>\n\n\n\n<li>Jeglicher Abfall ist vom Verk\u00e4ufer selbst zu entsorgen<\/li>\n\n\n\n<li>Verkauf von Neuware, Speisen oder Getr\u00e4nken ist untersagt, sonst darf alles angeboten werden<\/li>\n<\/ul>\n\n\n\n<p><strong>Veranstalter:<\/strong><\/p>\n\n\n\n<p>Theater-Verein-Edelweiss Hersel-Uedorf e. V.<\/p>\n\n\n\n<p><a rel=\"noreferrer noopener\" href=\"http:\/\/www.theater-verein-edelweiss.de\" target=\"_blank\">www.theater-verein-edelweiss.de<\/a><\/p>\n\n\n\n<figure class=\"wp-block-image size-medium\"><img  title=\"\" decoding=\"async\" width=\"300\" height=\"225\" src=\"https:\/\/hefaflo.de\/wp-content\/uploads\/2019\/09\/img_3302-1-300x225.jpg\"  alt=\"img_3302-1-300x225 Informationen\"  class=\"wp-image-39\" srcset=\"https:\/\/hefaflo.de\/wp-content\/uploads\/2019\/09\/img_3302-1-300x225.jpg 300w, https:\/\/hefaflo.de\/wp-content\/uploads\/2019\/09\/img_3302-1-768x576.jpg 768w, https:\/\/hefaflo.de\/wp-content\/uploads\/2019\/09\/img_3302-1-1024x768.jpg 1024w\" sizes=\"(max-width: 300px) 100vw, 300px\" \/><figcaption class=\"wp-element-caption\">Ein Eindruck von der Halle.<\/figcaption><\/figure>\n","protected":false},"excerpt":{"rendered":"<p>Die neusten Informationen finden Sie oben unter Aktuelles!!!! Anmeldeverfahren (siehe unten) beachten !!! N\u00e4chste Termine: 15. M\u00e4rz 2026(ausgebucht, Warteliste aktuell >5 Interssenten) 04. Okt. 2026(Anmeldung ab 15.03.26, 10 Uhr) 14. M\u00e4rz 2027(Anmeldung ab 04.10.26, 10 Uhr) 03. Okt. 2027(Anmeldung ab 14.03.27, 10 Uhr) Anmeldung zur Teilnahme mit einem Verkaufsstand: Informationen f\u00fcr Besucher:innen: Informationen f\u00fcr Verk\u00e4ufer:innen: [&hellip;]<\/p>\n","protected":false},"author":1,"featured_media":0,"parent":0,"menu_order":0,"comment_status":"closed","ping_status":"open","template":"","meta":{"footnotes":""},"class_list":["post-2","page","type-page","status-publish","hentry"],"jetpack_sharing_enabled":true,"_links":{"self":[{"href":"https:\/\/hefaflo.de\/index.php?rest_route=\/wp\/v2\/pages\/2","targetHints":{"allow":["GET"]}}],"collection":[{"href":"https:\/\/hefaflo.de\/index.php?rest_route=\/wp\/v2\/pages"}],"about":[{"href":"https:\/\/hefaflo.de\/index.php?rest_route=\/wp\/v2\/types\/page"}],"author":[{"embeddable":true,"href":"https:\/\/hefaflo.de\/index.php?rest_route=\/wp\/v2\/users\/1"}],"replies":[{"embeddable":true,"href":"https:\/\/hefaflo.de\/index.php?rest_route=%2Fwp%2Fv2%2Fcomments&post=2"}],"version-history":[{"count":39,"href":"https:\/\/hefaflo.de\/index.php?rest_route=\/wp\/v2\/pages\/2\/revisions"}],"predecessor-version":[{"id":165,"href":"https:\/\/hefaflo.de\/index.php?rest_route=\/wp\/v2\/pages\/2\/revisions\/165"}],"wp:attachment":[{"href":"https:\/\/hefaflo.de\/index.php?rest_route=%2Fwp%2Fv2%2Fmedia&parent=2"}],"curies":[{"name":"wp","href":"https:\/\/api.w.org\/{rel}","templated":true}]}}