{"id":32,"date":"2019-09-21T19:12:21","date_gmt":"2019-09-21T19:12:21","guid":{"rendered":"http:\/\/hefaflo.de\/?page_id=32"},"modified":"2025-12-26T17:43:15","modified_gmt":"2025-12-26T17:43:15","slug":"aktuelles","status":"publish","type":"page","link":"http:\/\/hefaflo.de\/?page_id=32","title":{"rendered":"Aktuelles"},"content":{"rendered":"\n<p>N\u00e4chster Flohmarkt 15.03.2026<\/p>\n\n\n\n<p>Aktuell sind wir ausgebucht. Die Best\u00e4tigungen f\u00fcr die angemeldeten Verkaufsst\u00e4nde wurden verschickt.<\/p>\n\n\n\n<p>Warteliste aktuell 6 Interessenten.<\/p>\n\n\n\n<p>Bitte neues Anmeldeverfahren beachten. Neue Termine auf der Startseite.<\/p>\n\n\n\n<p><\/p>\n","protected":false},"excerpt":{"rendered":"<p>N\u00e4chster Flohmarkt 15.03.2026 Aktuell sind wir ausgebucht. Die Best\u00e4tigungen f\u00fcr die angemeldeten Verkaufsst\u00e4nde wurden verschickt. Warteliste aktuell 6 Interessenten. Bitte neues Anmeldeverfahren beachten. Neue Termine auf der Startseite.<\/p>\n","protected":false},"author":1,"featured_media":0,"parent":0,"menu_order":0,"comment_status":"closed","ping_status":"closed","template":"","meta":{"footnotes":""},"class_list":["post-32","page","type-page","status-publish","hentry"],"jetpack_sharing_enabled":true,"_links":{"self":[{"href":"http:\/\/hefaflo.de\/index.php?rest_route=\/wp\/v2\/pages\/32","targetHints":{"allow":["GET"]}}],"collection":[{"href":"http:\/\/hefaflo.de\/index.php?rest_route=\/wp\/v2\/pages"}],"about":[{"href":"http:\/\/hefaflo.de\/index.php?rest_route=\/wp\/v2\/types\/page"}],"author":[{"embeddable":true,"href":"http:\/\/hefaflo.de\/index.php?rest_route=\/wp\/v2\/users\/1"}],"replies":[{"embeddable":true,"href":"http:\/\/hefaflo.de\/index.php?rest_route=%2Fwp%2Fv2%2Fcomments&post=32"}],"version-history":[{"count":33,"href":"http:\/\/hefaflo.de\/index.php?rest_route=\/wp\/v2\/pages\/32\/revisions"}],"predecessor-version":[{"id":166,"href":"http:\/\/hefaflo.de\/index.php?rest_route=\/wp\/v2\/pages\/32\/revisions\/166"}],"wp:attachment":[{"href":"http:\/\/hefaflo.de\/index.php?rest_route=%2Fwp%2Fv2%2Fmedia&parent=32"}],"curies":[{"name":"wp","href":"https:\/\/api.w.org\/{rel}","templated":true}]}}